{"id":21,"date":"2023-01-23T18:44:14","date_gmt":"2023-01-23T18:44:14","guid":{"rendered":"https:\/\/www.f2solucoesemti.com.br\/v1\/?page_id=21"},"modified":"2023-01-23T19:48:04","modified_gmt":"2023-01-23T19:48:04","slug":"nossos-servicos","status":"publish","type":"page","link":"https:\/\/www.f2solucoesemti.com.br\/v1\/nossos-servicos\/","title":{"rendered":"Nossos servi\u00e7os"},"content":{"rendered":"<div class=\"fusion-fullwidth fullwidth-box fusion-builder-row-1 fusion-flex-container has-pattern-background has-mask-background nonhundred-percent-fullwidth non-hundred-percent-height-scrolling\" style=\"--awb-border-radius-top-left:0px;--awb-border-radius-top-right:0px;--awb-border-radius-bottom-right:0px;--awb-border-radius-bottom-left:0px;\" ><div class=\"fusion-builder-row fusion-row fusion-flex-align-items-flex-start\" style=\"max-width:1248px;margin-left: calc(-4% \/ 2 );margin-right: calc(-4% \/ 2 );\"><div class=\"fusion-layout-column fusion_builder_column fusion-builder-column-0 fusion_builder_column_1_1 1_1 fusion-flex-column\" style=\"--awb-bg-size:cover;--awb-width-large:100%;--awb-margin-top-large:0px;--awb-spacing-right-large:1.92%;--awb-margin-bottom-large:20px;--awb-spacing-left-large:1.92%;--awb-width-medium:100%;--awb-order-medium:0;--awb-spacing-right-medium:1.92%;--awb-spacing-left-medium:1.92%;--awb-width-small:100%;--awb-order-small:0;--awb-spacing-right-small:1.92%;--awb-spacing-left-small:1.92%;\"><div class=\"fusion-column-wrapper fusion-column-has-shadow fusion-flex-justify-content-flex-start fusion-content-layout-column\"><div class=\"fusion-text fusion-text-1\"><p style=\"text-align: center; \"><b data-fusion-font=\"true\" style=\"font-size: 20px;\">Quais tipos de servi\u00e7os prestamos?<\/b><\/p>\n<p>Consultoria em TI;<\/p>\n<p>Readequa\u00e7\u00e3o do parque de inform\u00e1tica;<\/p>\n<p>Analise de vulnerabilidade (Para saber se sua rede corre ou n\u00e3o algum risco de ser invadida ou ent\u00e3o atacada por v\u00edrus);<\/p>\n<p>Implanta\u00e7\u00e3o de Servidores (Arquivos, \u00c1rea de Trabalho Remota, Banco de Dados, Backup, Internet Firewall \/ Proxy) em ambientes Locais (F\u00edsicos \/ Virtualizados) e\/ou em Nuvem (Cloud);<\/p>\n<p>Formata\u00e7\u00e3o de terminais;<\/p>\n<p>Treinamento aos usu\u00e1rios;<\/p>\n<p>Rede estruturada;<\/p>\n<p>Acesso externo aos servidores da empresa (\u00c1rea de Trabalho Remota);<\/p>\n<p>Gerenciamento de Backup local e em nuvem.<\/p>\n<\/div><\/div><\/div><\/div><\/div>\n","protected":false},"excerpt":{"rendered":"","protected":false},"author":1,"featured_media":0,"parent":0,"menu_order":0,"comment_status":"closed","ping_status":"closed","template":"100-width.php","meta":{"footnotes":""},"class_list":["post-21","page","type-page","status-publish","hentry"],"yoast_head":"<!-- This site is optimized with the Yoast SEO plugin v19.14 - https:\/\/yoast.com\/wordpress\/plugins\/seo\/ -->\n<title>Nossos servi\u00e7os - F2 Solu\u00e7\u00f5es em TI<\/title>\n<meta name=\"robots\" content=\"index, follow, max-snippet:-1, max-image-preview:large, max-video-preview:-1\" \/>\n<link rel=\"canonical\" href=\"https:\/\/www.f2solucoesemti.com.br\/v1\/nossos-servicos\/\" \/>\n<meta property=\"og:locale\" content=\"pt_BR\" \/>\n<meta property=\"og:type\" content=\"article\" \/>\n<meta property=\"og:title\" content=\"Nossos servi\u00e7os - F2 Solu\u00e7\u00f5es em TI\" \/>\n<meta property=\"og:url\" content=\"https:\/\/www.f2solucoesemti.com.br\/v1\/nossos-servicos\/\" \/>\n<meta property=\"og:site_name\" content=\"F2 Solu\u00e7\u00f5es em TI\" \/>\n<meta property=\"article:modified_time\" content=\"2023-01-23T19:48:04+00:00\" \/>\n<meta name=\"twitter:card\" content=\"summary_large_image\" \/>\n<script type=\"application\/ld+json\" class=\"yoast-schema-graph\">{\"@context\":\"https:\/\/schema.org\",\"@graph\":[{\"@type\":\"WebPage\",\"@id\":\"https:\/\/www.f2solucoesemti.com.br\/v1\/nossos-servicos\/\",\"url\":\"https:\/\/www.f2solucoesemti.com.br\/v1\/nossos-servicos\/\",\"name\":\"Nossos servi\u00e7os - F2 Solu\u00e7\u00f5es em TI\",\"isPartOf\":{\"@id\":\"https:\/\/www.f2solucoesemti.com.br\/v1\/#website\"},\"datePublished\":\"2023-01-23T18:44:14+00:00\",\"dateModified\":\"2023-01-23T19:48:04+00:00\",\"breadcrumb\":{\"@id\":\"https:\/\/www.f2solucoesemti.com.br\/v1\/nossos-servicos\/#breadcrumb\"},\"inLanguage\":\"pt-BR\",\"potentialAction\":[{\"@type\":\"ReadAction\",\"target\":[\"https:\/\/www.f2solucoesemti.com.br\/v1\/nossos-servicos\/\"]}]},{\"@type\":\"BreadcrumbList\",\"@id\":\"https:\/\/www.f2solucoesemti.com.br\/v1\/nossos-servicos\/#breadcrumb\",\"itemListElement\":[{\"@type\":\"ListItem\",\"position\":1,\"name\":\"In\u00edcio\",\"item\":\"https:\/\/www.f2solucoesemti.com.br\/v1\/\"},{\"@type\":\"ListItem\",\"position\":2,\"name\":\"Nossos servi\u00e7os\"}]},{\"@type\":\"WebSite\",\"@id\":\"https:\/\/www.f2solucoesemti.com.br\/v1\/#website\",\"url\":\"https:\/\/www.f2solucoesemti.com.br\/v1\/\",\"name\":\"F2 Solu\u00e7\u00f5es em TI\",\"description\":\"F2 Solu&ccedil;&otilde;es em TI\",\"potentialAction\":[{\"@type\":\"SearchAction\",\"target\":{\"@type\":\"EntryPoint\",\"urlTemplate\":\"https:\/\/www.f2solucoesemti.com.br\/v1\/?s={search_term_string}\"},\"query-input\":\"required name=search_term_string\"}],\"inLanguage\":\"pt-BR\"}]}<\/script>\n<!-- \/ Yoast SEO plugin. -->","yoast_head_json":{"title":"Nossos servi\u00e7os - F2 Solu\u00e7\u00f5es em TI","robots":{"index":"index","follow":"follow","max-snippet":"max-snippet:-1","max-image-preview":"max-image-preview:large","max-video-preview":"max-video-preview:-1"},"canonical":"https:\/\/www.f2solucoesemti.com.br\/v1\/nossos-servicos\/","og_locale":"pt_BR","og_type":"article","og_title":"Nossos servi\u00e7os - F2 Solu\u00e7\u00f5es em TI","og_url":"https:\/\/www.f2solucoesemti.com.br\/v1\/nossos-servicos\/","og_site_name":"F2 Solu\u00e7\u00f5es em TI","article_modified_time":"2023-01-23T19:48:04+00:00","twitter_card":"summary_large_image","schema":{"@context":"https:\/\/schema.org","@graph":[{"@type":"WebPage","@id":"https:\/\/www.f2solucoesemti.com.br\/v1\/nossos-servicos\/","url":"https:\/\/www.f2solucoesemti.com.br\/v1\/nossos-servicos\/","name":"Nossos servi\u00e7os - F2 Solu\u00e7\u00f5es em TI","isPartOf":{"@id":"https:\/\/www.f2solucoesemti.com.br\/v1\/#website"},"datePublished":"2023-01-23T18:44:14+00:00","dateModified":"2023-01-23T19:48:04+00:00","breadcrumb":{"@id":"https:\/\/www.f2solucoesemti.com.br\/v1\/nossos-servicos\/#breadcrumb"},"inLanguage":"pt-BR","potentialAction":[{"@type":"ReadAction","target":["https:\/\/www.f2solucoesemti.com.br\/v1\/nossos-servicos\/"]}]},{"@type":"BreadcrumbList","@id":"https:\/\/www.f2solucoesemti.com.br\/v1\/nossos-servicos\/#breadcrumb","itemListElement":[{"@type":"ListItem","position":1,"name":"In\u00edcio","item":"https:\/\/www.f2solucoesemti.com.br\/v1\/"},{"@type":"ListItem","position":2,"name":"Nossos servi\u00e7os"}]},{"@type":"WebSite","@id":"https:\/\/www.f2solucoesemti.com.br\/v1\/#website","url":"https:\/\/www.f2solucoesemti.com.br\/v1\/","name":"F2 Solu\u00e7\u00f5es em TI","description":"F2 Solu&ccedil;&otilde;es em TI","potentialAction":[{"@type":"SearchAction","target":{"@type":"EntryPoint","urlTemplate":"https:\/\/www.f2solucoesemti.com.br\/v1\/?s={search_term_string}"},"query-input":"required name=search_term_string"}],"inLanguage":"pt-BR"}]}},"_links":{"self":[{"href":"https:\/\/www.f2solucoesemti.com.br\/v1\/wp-json\/wp\/v2\/pages\/21","targetHints":{"allow":["GET"]}}],"collection":[{"href":"https:\/\/www.f2solucoesemti.com.br\/v1\/wp-json\/wp\/v2\/pages"}],"about":[{"href":"https:\/\/www.f2solucoesemti.com.br\/v1\/wp-json\/wp\/v2\/types\/page"}],"author":[{"embeddable":true,"href":"https:\/\/www.f2solucoesemti.com.br\/v1\/wp-json\/wp\/v2\/users\/1"}],"replies":[{"embeddable":true,"href":"https:\/\/www.f2solucoesemti.com.br\/v1\/wp-json\/wp\/v2\/comments?post=21"}],"version-history":[{"count":4,"href":"https:\/\/www.f2solucoesemti.com.br\/v1\/wp-json\/wp\/v2\/pages\/21\/revisions"}],"predecessor-version":[{"id":40,"href":"https:\/\/www.f2solucoesemti.com.br\/v1\/wp-json\/wp\/v2\/pages\/21\/revisions\/40"}],"wp:attachment":[{"href":"https:\/\/www.f2solucoesemti.com.br\/v1\/wp-json\/wp\/v2\/media?parent=21"}],"curies":[{"name":"wp","href":"https:\/\/api.w.org\/{rel}","templated":true}]}}